{"id":19,"date":"2020-08-06T08:26:48","date_gmt":"2020-08-06T08:26:48","guid":{"rendered":"http:\/\/osteosydan.fi\/?page_id=19"},"modified":"2025-06-03T05:42:40","modified_gmt":"2025-06-03T05:42:40","slug":"palvelut","status":"publish","type":"page","link":"https:\/\/osteosydan.fi\/?page_id=19","title":{"rendered":"Osteopatia"},"content":{"rendered":"\t\t<div data-elementor-type=\"wp-page\" data-elementor-id=\"19\" class=\"elementor elementor-19\">\n\t\t\t\t\t\t<section class=\"elementor-section elementor-top-section elementor-element elementor-element-40783812 elementor-section-content-middle elementor-section-full_width elementor-section-stretched elementor-section-height-default elementor-section-height-default\" data-id=\"40783812\" data-element_type=\"section\" data-e-type=\"section\" data-settings=\"{&quot;stretch_section&quot;:&quot;section-stretched&quot;}\">\n\t\t\t\t\t\t<div class=\"elementor-container elementor-column-gap-no\">\n\t\t\t\t\t<div class=\"elementor-column elementor-col-50 elementor-top-column elementor-element elementor-element-eeb0bf7\" data-id=\"eeb0bf7\" data-element_type=\"column\" data-e-type=\"column\">\n\t\t\t<div class=\"elementor-widget-wrap elementor-element-populated\">\n\t\t\t\t\t\t<div class=\"elementor-element elementor-element-78b97fcf elementor-widget-divider--view-line_icon elementor-view-default elementor-widget-divider--element-align-center elementor-widget elementor-widget-divider\" data-id=\"78b97fcf\" data-element_type=\"widget\" data-e-type=\"widget\" data-widget_type=\"divider.default\">\n\t\t\t\t<div class=\"elementor-widget-container\">\n\t\t\t\t\t\t\t<div class=\"elementor-divider\">\n\t\t\t<span class=\"elementor-divider-separator\">\n\t\t\t\t\t\t\t<div class=\"elementor-icon elementor-divider__element\">\n\t\t\t\t\t<\/div>\n\t\t\t\t\t\t<\/span>\n\t\t<\/div>\n\t\t\t\t\t\t<\/div>\n\t\t\t\t<\/div>\n\t\t\t\t\t<\/div>\n\t\t<\/div>\n\t\t\t\t<div class=\"elementor-column elementor-col-50 elementor-top-column elementor-element elementor-element-53622500\" data-id=\"53622500\" data-element_type=\"column\" data-e-type=\"column\">\n\t\t\t<div class=\"elementor-widget-wrap elementor-element-populated\">\n\t\t\t\t\t\t<div class=\"elementor-element elementor-element-7f543792 elementor-widget elementor-widget-text-editor\" data-id=\"7f543792\" data-element_type=\"widget\" data-e-type=\"widget\" data-widget_type=\"text-editor.default\">\n\t\t\t\t<div class=\"elementor-widget-container\">\n\t\t\t\t\t\t\t\t\t<p>Me osteopaatit olemme terveydenhuollon ammattilaisia ja toimintaamme valvoo Valvira. Olen itse valmistunut osteopaatiksi Metropolia AMK:sta nelj\u00e4n vuoden opiskelun j\u00e4lkeen. Valmistumiseni j\u00e4lkeen olen jatkokouluttautunut erityisesti naisten-, lasten- ja raskausajan osteopatian parissa.<\/p><p>Kipeiden, kirist\u00e4vien ja oikkuilevien kehojen tutkiminen ja hoito on osteopaattien ominta osaamista. Ty\u00f6skentely tapahtuu p\u00e4\u00e4asiassa k\u00e4sin hoitaen. K\u00e4ytett\u00e4v\u00e4t tekniikat vaihtelevat paljon, mutta itse suosin ty\u00f6ss\u00e4ni kevyit\u00e4 ja kehon liikett\u00e4 lis\u00e4\u00e4vi\u00e4 tekniikoita, jotka my\u00f6s tukevat nestekiertoa ja hermoston toimintaa.<\/p><h4>L<b>asten osteopatia<\/b><\/h4><p>Vauvat ja isommatkin lapset voivat olla jumissa, kipeit\u00e4 ja stressaantuneita, vaikka eiv\u00e4t teek\u00e4\u00e4n t\u00e4ytt\u00e4 ty\u00f6viikkoa konttorilla, treenaa tavoitteellisesti tai murehdi maksamattomia laskuja.<\/p><p>Vauvan jumisuus n\u00e4kyy usein itkuisuutena, rauhattomuutena, uni- ja mahaongelmina sek\u00e4 sy\u00f6misen haasteina. My\u00f6s liikkeelle l\u00e4hteminen, istumaan nouseminen ja muut kehityksen merkkipaalut saattavat viiv\u00e4sty\u00e4, sill\u00e4 kire\u00e4n tai toispuoleisen kehon k\u00e4ytt\u00e4minen voi olla vaikeampaa.<\/p><p>Tutkin vauvoilta k\u00e4ynnin yhteydess\u00e4 aina my\u00f6s imuotteen ja suun sis\u00e4iset rakenteet, kuten huuli- ja kielij\u00e4nteen. Olen jatkokouluttautunut kire\u00e4n kieli- ja huulij\u00e4nteen tunnistamisen, tutkimisen ja hoidon parissa, joten jos j\u00e4nteiden kireydest\u00e4 her\u00e4\u00e4 ep\u00e4ily, ohjaan perheen asiaan perehtyneen l\u00e4\u00e4k\u00e4rin pakeille.<\/p><p>Vauvojen hoitaminen on yleens\u00e4 mukavinta syliss\u00e4, mutta jotkut tahtovat p\u00f6tk\u00f6tell\u00e4 plintill\u00e4 tai lelukaaren alla lattialla. Isommat lapset voivat my\u00f6s touhuta lattialla lelujen parissa hoidon aikana. Paikallaan tai hiljaa ei siis tarvitse olla, ja vaatteetkin saa pit\u00e4\u00e4 p\u00e4\u00e4ll\u00e4\u00e4n, kunhan ulkovaatteet maltetaan riisua.\u00a0Hoitoaika sis\u00e4lt\u00e4\u00e4 hyvin aikaa my\u00f6s totutteluun, sy\u00f6miseen, vaipanvaihtoon, pukemiseen ja itkupotkuraivareihin.<\/p><p>Osteopaattinen hoito itsess\u00e4\u00e4n n\u00e4ytt\u00e4\u00e4 ulosp\u00e4in l\u00e4hinn\u00e4 lapsen kevyelt\u00e4 k\u00e4\u00e4ntelylt\u00e4, silittelylt\u00e4 ja jumppailulta, sill\u00e4 pieni keho ei kaipaa suuria ja n\u00e4ytt\u00e4vi\u00e4 tekniikoita.<\/p><h4><b>Raskaus ja synnytyksen j\u00e4lkeinen aika<\/b><\/h4><p>Raskaana ollessaan keho k\u00e4y l\u00e4pi lukuisia mukautumista vaativia prosesseja, joissa osteopatia voi toimia tukena. Raskausajan hoidossa keskityn mahdollisten oireiden, kuten liitoskipujen, selk\u00e4vaivojen ja k\u00e4sien puutumisen lis\u00e4ksi helpottamaan erityisesti lantion-, pallean- ja purennan toimintaa.<\/p><p>Odottajan kehon liikerajoitteet voivat vaikuttaa vauvan asentoon kohdussa sek\u00e4 siihen, kuinka hyvin vauva p\u00e4\u00e4see laskeutumaan. Jos lantio ei avaudu, voi vauvan laskeutuminen olla haastavaa ja synnytys pitkitty\u00e4.<\/p><p>Ponnistusvaiheessakin lantion on t\u00e4rke\u00e4\u00e4 avautua mahdollisimman esteett\u00e4. T\u00e4h\u00e4n voivat faskiayhteyksien kautta vaikuttaa my\u00f6s purennan kireydet. Tehokas hengitys taas on oleellista paitsi synnytt\u00e4j\u00e4n jaksamiselle, my\u00f6s vauvan hapetukselle.<\/p><p>Mahdollisimman vapaasti liikkuva keho on t\u00e4rke\u00e4 my\u00f6s palautumisen kannalta ja erkauma-asioita pohtiessa.<\/p>\t\t\t\t\t\t\t\t<\/div>\n\t\t\t\t<\/div>\n\t\t\t\t\t<\/div>\n\t\t<\/div>\n\t\t\t\t\t<\/div>\n\t\t<\/section>\n\t\t\t\t<section class=\"elementor-section elementor-top-section elementor-element elementor-element-643abf1 elementor-section-stretched elementor-section-boxed elementor-section-height-default elementor-section-height-default\" data-id=\"643abf1\" data-element_type=\"section\" data-e-type=\"section\" data-settings=\"{&quot;stretch_section&quot;:&quot;section-stretched&quot;}\">\n\t\t\t\t\t\t<div class=\"elementor-container elementor-column-gap-default\">\n\t\t\t\t\t<div class=\"elementor-column elementor-col-100 elementor-top-column elementor-element elementor-element-463f801\" data-id=\"463f801\" data-element_type=\"column\" data-e-type=\"column\">\n\t\t\t<div class=\"elementor-widget-wrap elementor-element-populated\">\n\t\t\t\t\t\t<div class=\"elementor-element elementor-element-4b76be0 elementor-widget elementor-widget-image\" data-id=\"4b76be0\" data-element_type=\"widget\" data-e-type=\"widget\" data-widget_type=\"image.default\">\n\t\t\t\t<div class=\"elementor-widget-container\">\n\t\t\t\t\t\t\t\t\t\t\t\t\t\t\t<img fetchpriority=\"high\" decoding=\"async\" width=\"1654\" height=\"2048\" src=\"https:\/\/osteosydan.fi\/wp-content\/uploads\/2023\/04\/pystynojatuolikuva.jpg\" class=\"attachment-full size-full wp-image-527\" alt=\"\" srcset=\"https:\/\/osteosydan.fi\/wp-content\/uploads\/2023\/04\/pystynojatuolikuva.jpg 1654w, https:\/\/osteosydan.fi\/wp-content\/uploads\/2023\/04\/pystynojatuolikuva-242x300.jpg 242w, https:\/\/osteosydan.fi\/wp-content\/uploads\/2023\/04\/pystynojatuolikuva-827x1024.jpg 827w, https:\/\/osteosydan.fi\/wp-content\/uploads\/2023\/04\/pystynojatuolikuva-768x951.jpg 768w, https:\/\/osteosydan.fi\/wp-content\/uploads\/2023\/04\/pystynojatuolikuva-1241x1536.jpg 1241w\" sizes=\"100vw\" \/>\t\t\t\t\t\t\t\t\t\t\t\t\t\t\t<\/div>\n\t\t\t\t<\/div>\n\t\t\t\t\t<\/div>\n\t\t<\/div>\n\t\t\t\t\t<\/div>\n\t\t<\/section>\n\t\t\t\t<\/div>\n\t\t","protected":false},"excerpt":{"rendered":"<p>Me osteopaatit olemme terveydenhuollon ammattilaisia ja toimintaamme valvoo Valvira. Olen itse valmistunut osteopaatiksi Metropolia AMK:sta nelj\u00e4n vuoden opiskelun j\u00e4lkeen. Valmistumiseni j\u00e4lkeen olen jatkokouluttautunut erityisesti naisten-, lasten- ja raskausajan osteopatian parissa. Kipeiden, kirist\u00e4vien ja oikkuilevien kehojen tutkiminen ja hoito on osteopaattien ominta osaamista. Ty\u00f6skentely tapahtuu p\u00e4\u00e4asiassa k\u00e4sin hoitaen. K\u00e4ytett\u00e4v\u00e4t tekniikat vaihtelevat paljon, mutta itse suosin ty\u00f6ss\u00e4ni &hellip; <\/p>\n<p class=\"link-more\"><a href=\"https:\/\/osteosydan.fi\/?page_id=19\" class=\"more-link\">Jatka lukemista<span class=\"screen-reader-text\"> &#8221;Osteopatia&#8221;<\/span><\/a><\/p>\n","protected":false},"author":1,"featured_media":0,"parent":0,"menu_order":0,"comment_status":"closed","ping_status":"closed","template":"","meta":{"footnotes":""},"class_list":["post-19","page","type-page","status-publish","hentry"],"_links":{"self":[{"href":"https:\/\/osteosydan.fi\/index.php?rest_route=\/wp\/v2\/pages\/19","targetHints":{"allow":["GET"]}}],"collection":[{"href":"https:\/\/osteosydan.fi\/index.php?rest_route=\/wp\/v2\/pages"}],"about":[{"href":"https:\/\/osteosydan.fi\/index.php?rest_route=\/wp\/v2\/types\/page"}],"author":[{"embeddable":true,"href":"https:\/\/osteosydan.fi\/index.php?rest_route=\/wp\/v2\/users\/1"}],"replies":[{"embeddable":true,"href":"https:\/\/osteosydan.fi\/index.php?rest_route=%2Fwp%2Fv2%2Fcomments&post=19"}],"version-history":[{"count":128,"href":"https:\/\/osteosydan.fi\/index.php?rest_route=\/wp\/v2\/pages\/19\/revisions"}],"predecessor-version":[{"id":919,"href":"https:\/\/osteosydan.fi\/index.php?rest_route=\/wp\/v2\/pages\/19\/revisions\/919"}],"wp:attachment":[{"href":"https:\/\/osteosydan.fi\/index.php?rest_route=%2Fwp%2Fv2%2Fmedia&parent=19"}],"curies":[{"name":"wp","href":"https:\/\/api.w.org\/{rel}","templated":true}]}}