{"id":28,"date":"2020-08-06T08:29:05","date_gmt":"2020-08-06T08:29:05","guid":{"rendered":"http:\/\/osteosydan.fi\/?page_id=28"},"modified":"2026-03-06T07:42:06","modified_gmt":"2026-03-06T07:42:06","slug":"minusta","status":"publish","type":"page","link":"https:\/\/osteosydan.fi\/?page_id=28","title":{"rendered":"Osteosyd\u00e4n"},"content":{"rendered":"\t\t<div data-elementor-type=\"wp-page\" data-elementor-id=\"28\" class=\"elementor elementor-28\">\n\t\t\t\t\t\t<section class=\"elementor-section elementor-top-section elementor-element elementor-element-746bfdc elementor-section-boxed elementor-section-height-default elementor-section-height-default\" data-id=\"746bfdc\" data-element_type=\"section\" data-e-type=\"section\">\n\t\t\t\t\t\t<div class=\"elementor-container elementor-column-gap-default\">\n\t\t\t\t\t<div class=\"elementor-column elementor-col-100 elementor-top-column elementor-element elementor-element-5c0659a\" data-id=\"5c0659a\" data-element_type=\"column\" data-e-type=\"column\">\n\t\t\t<div class=\"elementor-widget-wrap elementor-element-populated\">\n\t\t\t\t\t\t<div class=\"elementor-element elementor-element-53b0177 elementor-widget elementor-widget-image\" data-id=\"53b0177\" data-element_type=\"widget\" data-e-type=\"widget\" data-widget_type=\"image.default\">\n\t\t\t\t<div class=\"elementor-widget-container\">\n\t\t\t\t\t\t\t\t\t\t\t\t\t\t\t<img fetchpriority=\"high\" decoding=\"async\" width=\"197\" height=\"300\" src=\"https:\/\/osteosydan.fi\/wp-content\/uploads\/2023\/04\/omakuva-197x300.jpg\" class=\"attachment-medium size-medium wp-image-628\" alt=\"\" srcset=\"https:\/\/osteosydan.fi\/wp-content\/uploads\/2023\/04\/omakuva-197x300.jpg 197w, https:\/\/osteosydan.fi\/wp-content\/uploads\/2023\/04\/omakuva-672x1024.jpg 672w, https:\/\/osteosydan.fi\/wp-content\/uploads\/2023\/04\/omakuva-768x1170.jpg 768w, https:\/\/osteosydan.fi\/wp-content\/uploads\/2023\/04\/omakuva-1008x1536.jpg 1008w, https:\/\/osteosydan.fi\/wp-content\/uploads\/2023\/04\/omakuva.jpg 1344w\" sizes=\"100vw\" \/>\t\t\t\t\t\t\t\t\t\t\t\t\t\t\t<\/div>\n\t\t\t\t<\/div>\n\t\t\t\t<div class=\"elementor-element elementor-element-9f9660a elementor-widget elementor-widget-text-editor\" data-id=\"9f9660a\" data-element_type=\"widget\" data-e-type=\"widget\" data-widget_type=\"text-editor.default\">\n\t\t\t\t<div class=\"elementor-widget-container\">\n\t\t\t\t\t\t\t\t\t<p>Olen osteopaatti, Hanne Salonen. Osteosyd\u00e4n sijaitsee Vihdin kirkonkyl\u00e4ll\u00e4.<\/p><p>Vahvin asiantuntijuuteni l\u00f6ytyy naisten- ja lasten osteopatian parista, mutta kaikki ovat tervetulleita vastaanotolle omana itsen\u00e4\u00e4n.<\/p><p>Osteopaattina olen ammattitaitoinen, empaattinen ja rehellinen. Ihmisen\u00e4 olen rento, huumorintajuinen ja helposti l\u00e4hestytt\u00e4v\u00e4. Olen yhden teini-ik\u00e4isen koiran omistaja ja kahden teini-ik\u00e4isen lapsen \u00e4iti, joten tervetuloa vertaistuen piiriin.<\/p><p>Vastaanottotilani on kodinomainen ja sinne voit saapua rennoin mielin. Etenkin lasten kanssa saapuessasi on t\u00e4rke\u00e4\u00e4 muistaa, ett\u00e4 t\u00e4ll\u00e4 vastaanotolla on jo ennen teit\u00e4kin itketty r\u00e4k\u00e4 poskella, kiemurreltu karkuun ja pulauteltu paidalle. Se kuuluu arkeen lasten parissa. Ei siis mit\u00e4\u00e4n h\u00e4t\u00e4\u00e4. T\u00e4\u00e4ll\u00e4 voitte olla rennosti. Tulkaa lasten kanssa aamupuurot paidalla ja k\u00e4pyj\u00e4 taskuissa, eriparisissa sukissa ja hiukset takussa. Ei haittaa.<\/p><p>Jos taas saavut itseksesi paikalle, saat istahtaa ja kertoa kuulumisesi rauhassa. Voit itsekin saapua paikalle eriparisukissa ja muroja taskuissa, itku silm\u00e4ss\u00e4 ja p\u00e4\u00e4 kipe\u00e4n\u00e4. Ei haittaa; erityisesti eripariset sukat ovat aina viihdytt\u00e4vi\u00e4.<\/p><p>Ty\u00f6skentelyni on rauhallista ja suosin rentouttavia, kevyit\u00e4 tekniikoita. En tee n\u00e4ytt\u00e4vi\u00e4 naksautteluja tai py\u00f6rittele asiakkaitani plintill\u00e4 kuin sukkaa kuivausrummussa. Kokemuksen on tarkoitus olla rentouttava, kipua lievitt\u00e4v\u00e4, aineenvaihduntaa parantava, turvotusta laskeva, liikett\u00e4 lis\u00e4\u00e4v\u00e4 ja hermostoa rauhoittava. T\u00e4m\u00e4 p\u00e4tee kaiken ik\u00e4isiin asiakkaisiin.<\/p><p>Tule siis rennoin mielin k\u00e4ym\u00e4\u00e4n. Yksik\u00e4\u00e4n aikuinen ei ole viel\u00e4 kiemurrellut karkuun, joten uskallan mainostaa kokemusta miellytt\u00e4v\u00e4ksi. Tervetuloa!<\/p><p>Hanne<\/p>\t\t\t\t\t\t\t\t<\/div>\n\t\t\t\t<\/div>\n\t\t\t\t\t<\/div>\n\t\t<\/div>\n\t\t\t\t\t<\/div>\n\t\t<\/section>\n\t\t\t\t<section class=\"elementor-section elementor-top-section elementor-element elementor-element-0323628 elementor-section-boxed elementor-section-height-default elementor-section-height-default\" data-id=\"0323628\" data-element_type=\"section\" data-e-type=\"section\">\n\t\t\t\t\t\t<div class=\"elementor-container elementor-column-gap-default\">\n\t\t\t\t\t<div class=\"elementor-column elementor-col-100 elementor-top-column elementor-element elementor-element-f7a7314\" data-id=\"f7a7314\" data-element_type=\"column\" data-e-type=\"column\">\n\t\t\t<div class=\"elementor-widget-wrap elementor-element-populated\">\n\t\t\t\t\t\t<div class=\"elementor-element elementor-element-20e9d3d elementor-widget__width-initial elementor-widget elementor-widget-text-editor\" data-id=\"20e9d3d\" data-element_type=\"widget\" data-e-type=\"widget\" data-widget_type=\"text-editor.default\">\n\t\t\t\t<div class=\"elementor-widget-container\">\n\t\t\t\t\t\t\t\t\t<p>Kiinnostuneille listaa k\u00e4ymist\u00e4ni koulutuksista:<\/p><p>\u2022 Sukupuolen moninaisuuden sensitiivinen kohtaaminen (Seta, 2025)<br \/>\u2022 Chronic central pain conditions: integrating polyvagal &amp; balanced autonomic approaches (Michael L. Kuchera, 2024)<br \/>\u2022 Vauvan kire\u00e4 kielij\u00e4nne (Mervi Starck ja Hanna Vitikka, 2023)<br \/>\u2022 Obstetrics and post partum (Caroline Stone, 2023)<br \/>\u2022 Osteopaattinen kliininen n\u00e4k\u00f6kulma onteloiden hoitoon (Christian Fossum, 2023)<br \/>\u2022 Full paediatrics series \u2013 including musculoskeletal and systemic\/visceral and developmental issues from infants to adolescents (Caroline Stone, 2022)<br \/>\u2022 Lastenosteopatia; Jatkokoulutus (Mika Kivist\u00f6 ja Lasse Maijala, 2022)<br \/>\u2022 Women\u2019s health and pregnancy &#8211; an osteo approach (Renzo Molinari, 2022)<br \/>\u2022 Jooga hermoston terveyden ja itses\u00e4\u00e4telyn tukena (Sanni Parkkinen, 2021)<br \/>\u2022 Krooninen v\u00e4symysoireyhtym\u00e4 (ME\/CFS)-seminaari (Suomen ortopedisen manuaalisen terapian yhdistys, 2021)<br \/>\u2022 Pediatric osteopathy: cranial techniques &amp; advanced treatment protocols (Maureen H. Maher, 2021)<br \/>\u2022 Happiest baby \u2013 itkuisen vauvan rauhoittelumenetelm\u00e4 (Elina Botha, 2021)<br \/>\u2022 Lasten osteopatia (Mika Kivist\u00f6, 2020)<br \/>\u2022 Imetysohjaaja (WHO, 2020)<br \/>\u2022 L\u00e4hihoitaja (2006)<\/p>\t\t\t\t\t\t\t\t<\/div>\n\t\t\t\t<\/div>\n\t\t\t\t\t<\/div>\n\t\t<\/div>\n\t\t\t\t\t<\/div>\n\t\t<\/section>\n\t\t\t\t<\/div>\n\t\t","protected":false},"excerpt":{"rendered":"<p>Olen osteopaatti, Hanne Salonen. Osteosyd\u00e4n sijaitsee Vihdin kirkonkyl\u00e4ll\u00e4. Vahvin asiantuntijuuteni l\u00f6ytyy naisten- ja lasten osteopatian parista, mutta kaikki ovat tervetulleita vastaanotolle omana itsen\u00e4\u00e4n. Osteopaattina olen ammattitaitoinen, empaattinen ja rehellinen. Ihmisen\u00e4 olen rento, huumorintajuinen ja helposti l\u00e4hestytt\u00e4v\u00e4. Olen yhden teini-ik\u00e4isen koiran omistaja ja kahden teini-ik\u00e4isen lapsen \u00e4iti, joten tervetuloa vertaistuen piiriin. Vastaanottotilani on kodinomainen ja sinne &hellip; <\/p>\n<p class=\"link-more\"><a href=\"https:\/\/osteosydan.fi\/?page_id=28\" class=\"more-link\">Jatka lukemista<span class=\"screen-reader-text\"> &#8221;Osteosyd\u00e4n&#8221;<\/span><\/a><\/p>\n","protected":false},"author":1,"featured_media":0,"parent":0,"menu_order":0,"comment_status":"closed","ping_status":"closed","template":"","meta":{"footnotes":""},"class_list":["post-28","page","type-page","status-publish","hentry"],"_links":{"self":[{"href":"https:\/\/osteosydan.fi\/index.php?rest_route=\/wp\/v2\/pages\/28","targetHints":{"allow":["GET"]}}],"collection":[{"href":"https:\/\/osteosydan.fi\/index.php?rest_route=\/wp\/v2\/pages"}],"about":[{"href":"https:\/\/osteosydan.fi\/index.php?rest_route=\/wp\/v2\/types\/page"}],"author":[{"embeddable":true,"href":"https:\/\/osteosydan.fi\/index.php?rest_route=\/wp\/v2\/users\/1"}],"replies":[{"embeddable":true,"href":"https:\/\/osteosydan.fi\/index.php?rest_route=%2Fwp%2Fv2%2Fcomments&post=28"}],"version-history":[{"count":104,"href":"https:\/\/osteosydan.fi\/index.php?rest_route=\/wp\/v2\/pages\/28\/revisions"}],"predecessor-version":[{"id":969,"href":"https:\/\/osteosydan.fi\/index.php?rest_route=\/wp\/v2\/pages\/28\/revisions\/969"}],"wp:attachment":[{"href":"https:\/\/osteosydan.fi\/index.php?rest_route=%2Fwp%2Fv2%2Fmedia&parent=28"}],"curies":[{"name":"wp","href":"https:\/\/api.w.org\/{rel}","templated":true}]}}