{"id":32,"date":"2020-08-06T08:30:16","date_gmt":"2020-08-06T08:30:16","guid":{"rendered":"http:\/\/osteosydan.fi\/?page_id=32"},"modified":"2025-08-06T04:42:38","modified_gmt":"2025-08-06T04:42:38","slug":"yhteystiedot","status":"publish","type":"page","link":"https:\/\/osteosydan.fi\/?page_id=32","title":{"rendered":"Ajanvaraus"},"content":{"rendered":"\t\t<div data-elementor-type=\"wp-page\" data-elementor-id=\"32\" class=\"elementor elementor-32\">\n\t\t\t\t\t\t<section class=\"elementor-section elementor-top-section elementor-element elementor-element-6d1bce3 elementor-section-boxed elementor-section-height-default elementor-section-height-default\" data-id=\"6d1bce3\" data-element_type=\"section\" data-e-type=\"section\">\n\t\t\t\t\t\t<div class=\"elementor-container elementor-column-gap-default\">\n\t\t\t\t\t<div class=\"elementor-column elementor-col-100 elementor-top-column elementor-element elementor-element-63f8c84\" data-id=\"63f8c84\" data-element_type=\"column\" data-e-type=\"column\">\n\t\t\t<div class=\"elementor-widget-wrap elementor-element-populated\">\n\t\t\t\t\t\t<div class=\"elementor-element elementor-element-d9e64a2 elementor-widget elementor-widget-text-editor\" data-id=\"d9e64a2\" data-element_type=\"widget\" data-e-type=\"widget\" data-widget_type=\"text-editor.default\">\n\t\t\t\t<div class=\"elementor-widget-container\">\n\t\t\t\t\t\t\t\t\t<p>Voit varata ajan k\u00e4tev\u00e4sti <a href=\"http:\/\/www.nettiaika.fi\/osteosydan\" target=\"_blank\" rel=\"noopener\">netist\u00e4<\/a>. Saat varauksestasi vahvistuksen s\u00e4hk\u00f6postiisi, joten kurkkaa tarvittaessa my\u00f6s roskapostikansioon.\u200b<\/p>\t\t\t\t\t\t\t\t<\/div>\n\t\t\t\t<\/div>\n\t\t\t\t<div class=\"elementor-element elementor-element-ede46e0 elementor-align-left elementor-widget__width-initial elementor-widget elementor-widget-button\" data-id=\"ede46e0\" data-element_type=\"widget\" data-e-type=\"widget\" data-widget_type=\"button.default\">\n\t\t\t\t<div class=\"elementor-widget-container\">\n\t\t\t\t\t\t\t\t\t<div class=\"elementor-button-wrapper\">\n\t\t\t\t\t<a class=\"elementor-button elementor-button-link elementor-size-sm\" href=\"http:\/\/www.nettiaika.fi\/osteosydan\">\n\t\t\t\t\t\t<span class=\"elementor-button-content-wrapper\">\n\t\t\t\t\t\t\t\t\t<span class=\"elementor-button-text\">www.nettiaika.fi\/osteosydan<\/span>\n\t\t\t\t\t<\/span>\n\t\t\t\t\t<\/a>\n\t\t\t\t<\/div>\n\t\t\t\t\t\t\t\t<\/div>\n\t\t\t\t<\/div>\n\t\t\t\t\t<\/div>\n\t\t<\/div>\n\t\t\t\t\t<\/div>\n\t\t<\/section>\n\t\t\t\t<section class=\"elementor-section elementor-top-section elementor-element elementor-element-03066be elementor-section-boxed elementor-section-height-default elementor-section-height-default\" data-id=\"03066be\" data-element_type=\"section\" data-e-type=\"section\">\n\t\t\t\t\t\t<div class=\"elementor-container elementor-column-gap-default\">\n\t\t\t\t\t<div class=\"elementor-column elementor-col-100 elementor-top-column elementor-element elementor-element-db0c13e\" data-id=\"db0c13e\" data-element_type=\"column\" data-e-type=\"column\">\n\t\t\t<div class=\"elementor-widget-wrap elementor-element-populated\">\n\t\t\t\t\t\t<div class=\"elementor-element elementor-element-c284321 elementor-widget elementor-widget-text-editor\" data-id=\"c284321\" data-element_type=\"widget\" data-e-type=\"widget\" data-widget_type=\"text-editor.default\">\n\t\t\t\t<div class=\"elementor-widget-container\">\n\t\t\t\t\t\t\t\t\t<p>Ajanvaraus onnistuu my\u00f6s puhelimitse\u00a0<br \/><b style=\"font-family: var( --e-global-typography-text-font-family ), Sans-serif; font-size: 1rem;\">040-154 25 44<\/b><span style=\"font-family: var( --e-global-typography-text-font-family ), Sans-serif; font-weight: var( --e-global-typography-text-font-weight ); font-size: 1rem;\">\u00a0<\/span><\/p><p>Parhaiten tavoitat minut whatsapp- ja tekstiviestill\u00e4, sill\u00e4 en ty\u00f6skennelless\u00e4ni voi vastata puhelimeen.<\/p><p><span style=\"text-align: start;\">Voit varata ajan my\u00f6s s\u00e4hk\u00f6postitse:\u00a0<\/span><span style=\"font-weight: bold; text-align: start;\">hanne(a)osteosydan.fi<\/span><\/p>\t\t\t\t\t\t\t\t<\/div>\n\t\t\t\t<\/div>\n\t\t\t\t\t<\/div>\n\t\t<\/div>\n\t\t\t\t\t<\/div>\n\t\t<\/section>\n\t\t\t\t<section class=\"elementor-section elementor-top-section elementor-element elementor-element-20dd2b7 elementor-section-boxed elementor-section-height-default elementor-section-height-default\" data-id=\"20dd2b7\" data-element_type=\"section\" data-e-type=\"section\">\n\t\t\t\t\t\t<div class=\"elementor-container elementor-column-gap-default\">\n\t\t\t\t\t<div class=\"elementor-column elementor-col-100 elementor-top-column elementor-element elementor-element-2a7ec21\" data-id=\"2a7ec21\" data-element_type=\"column\" data-e-type=\"column\">\n\t\t\t<div class=\"elementor-widget-wrap elementor-element-populated\">\n\t\t\t\t\t\t<div class=\"elementor-element elementor-element-7d6ebfd elementor-widget elementor-widget-heading\" data-id=\"7d6ebfd\" data-element_type=\"widget\" data-e-type=\"widget\" data-widget_type=\"heading.default\">\n\t\t\t\t<div class=\"elementor-widget-container\">\n\t\t\t\t\t<h2 class=\"elementor-heading-title elementor-size-default\"><br>Ajan siirto tai peruutus<\/h2>\t\t\t\t<\/div>\n\t\t\t\t<\/div>\n\t\t\t\t\t<\/div>\n\t\t<\/div>\n\t\t\t\t\t<\/div>\n\t\t<\/section>\n\t\t\t\t<section class=\"elementor-section elementor-top-section elementor-element elementor-element-8fb1468 elementor-section-boxed elementor-section-height-default elementor-section-height-default\" data-id=\"8fb1468\" data-element_type=\"section\" data-e-type=\"section\">\n\t\t\t\t\t\t<div class=\"elementor-container elementor-column-gap-default\">\n\t\t\t\t\t<div class=\"elementor-column elementor-col-100 elementor-top-column elementor-element elementor-element-0455e07\" data-id=\"0455e07\" data-element_type=\"column\" data-e-type=\"column\">\n\t\t\t<div class=\"elementor-widget-wrap elementor-element-populated\">\n\t\t\t\t\t\t<div class=\"elementor-element elementor-element-a9306fc elementor-widget elementor-widget-text-editor\" data-id=\"a9306fc\" data-element_type=\"widget\" data-e-type=\"widget\" data-widget_type=\"text-editor.default\">\n\t\t\t\t<div class=\"elementor-widget-container\">\n\t\t\t\t\t\t\t\t\t<p>Voit itse siirt\u00e4\u00e4 tai perua aikasi 12h ennen varaustasi varausvahvistuksessa olevan linkin kautta. My\u00f6h\u00e4isemm\u00e4t muutokset puhelimitse (my\u00f6s viestitse).<\/p><p>Sairastumisen sattuessa voit perua aikasi lyhyell\u00e4kin varoituksella. Peruuttamattomat k\u00e4ynnit laskutetaan normaalihinnaston mukaisesti.<\/p>\t\t\t\t\t\t\t\t<\/div>\n\t\t\t\t<\/div>\n\t\t\t\t\t<\/div>\n\t\t<\/div>\n\t\t\t\t\t<\/div>\n\t\t<\/section>\n\t\t\t\t<section class=\"elementor-section elementor-top-section elementor-element elementor-element-541d15b elementor-section-boxed elementor-section-height-default elementor-section-height-default\" data-id=\"541d15b\" data-element_type=\"section\" data-e-type=\"section\">\n\t\t\t\t\t\t<div class=\"elementor-container elementor-column-gap-default\">\n\t\t\t\t\t<div class=\"elementor-column elementor-col-100 elementor-top-column elementor-element elementor-element-daed705\" data-id=\"daed705\" data-element_type=\"column\" data-e-type=\"column\">\n\t\t\t<div class=\"elementor-widget-wrap elementor-element-populated\">\n\t\t\t\t\t\t<div class=\"elementor-element elementor-element-f2a5a55 elementor-widget elementor-widget-heading\" data-id=\"f2a5a55\" data-element_type=\"widget\" data-e-type=\"widget\" data-widget_type=\"heading.default\">\n\t\t\t\t<div class=\"elementor-widget-container\">\n\t\t\t\t\t<h2 class=\"elementor-heading-title elementor-size-default\">Saapuminen<\/h2>\t\t\t\t<\/div>\n\t\t\t\t<\/div>\n\t\t\t\t\t<\/div>\n\t\t<\/div>\n\t\t\t\t\t<\/div>\n\t\t<\/section>\n\t\t\t\t<section class=\"elementor-section elementor-top-section elementor-element elementor-element-973af6f elementor-section-boxed elementor-section-height-default elementor-section-height-default\" data-id=\"973af6f\" data-element_type=\"section\" data-e-type=\"section\">\n\t\t\t\t\t\t<div class=\"elementor-container elementor-column-gap-default\">\n\t\t\t\t\t<div class=\"elementor-column elementor-col-100 elementor-top-column elementor-element elementor-element-4dde28f\" data-id=\"4dde28f\" data-element_type=\"column\" data-e-type=\"column\">\n\t\t\t<div class=\"elementor-widget-wrap elementor-element-populated\">\n\t\t\t\t\t\t<div class=\"elementor-element elementor-element-0591051 elementor-widget elementor-widget-text-editor\" data-id=\"0591051\" data-element_type=\"widget\" data-e-type=\"widget\" data-widget_type=\"text-editor.default\">\n\t\t\t\t<div class=\"elementor-widget-container\">\n\t\t\t\t\t\t\t\t\t<p>Osteosyd\u00e4n sijaitsee Vihdin kirkonkyl\u00e4ll\u00e4, osoitteessa:<br \/>Poutakaari 13, 03400 Vihti.<\/p><p>Autosi voit ajaa pihan parkkikatokseen. V\u00e4lt\u00e4th\u00e4n k\u00e4\u00e4nt\u00f6paikalle pys\u00e4k\u00f6inti\u00e4, kiitos!<\/p><p>Sis\u00e4\u00e4nk\u00e4ynti takapihan puolelta, pihassa on ovelle ohjaavat opasteet.<\/p>\t\t\t\t\t\t\t\t<\/div>\n\t\t\t\t<\/div>\n\t\t\t\t\t<\/div>\n\t\t<\/div>\n\t\t\t\t\t<\/div>\n\t\t<\/section>\n\t\t\t\t<section class=\"elementor-section elementor-top-section elementor-element elementor-element-4f8b395 elementor-section-boxed elementor-section-height-default elementor-section-height-default\" data-id=\"4f8b395\" data-element_type=\"section\" data-e-type=\"section\">\n\t\t\t\t\t\t<div class=\"elementor-container elementor-column-gap-default\">\n\t\t\t\t\t<div class=\"elementor-column elementor-col-50 elementor-top-column elementor-element elementor-element-ef583c7\" data-id=\"ef583c7\" data-element_type=\"column\" data-e-type=\"column\">\n\t\t\t<div class=\"elementor-widget-wrap elementor-element-populated\">\n\t\t\t\t\t\t<div class=\"elementor-element elementor-element-9c21e5f elementor-widget elementor-widget-image\" data-id=\"9c21e5f\" data-element_type=\"widget\" data-e-type=\"widget\" data-widget_type=\"image.default\">\n\t\t\t\t<div class=\"elementor-widget-container\">\n\t\t\t\t\t\t\t\t\t\t\t\t\t\t\t<img fetchpriority=\"high\" decoding=\"async\" width=\"225\" height=\"300\" src=\"https:\/\/osteosydan.fi\/wp-content\/uploads\/2024\/06\/nimikyltti-225x300.jpeg\" class=\"attachment-medium size-medium wp-image-879\" alt=\"\" srcset=\"https:\/\/osteosydan.fi\/wp-content\/uploads\/2024\/06\/nimikyltti-225x300.jpeg 225w, https:\/\/osteosydan.fi\/wp-content\/uploads\/2024\/06\/nimikyltti-768x1024.jpeg 768w, https:\/\/osteosydan.fi\/wp-content\/uploads\/2024\/06\/nimikyltti-1152x1536.jpeg 1152w, https:\/\/osteosydan.fi\/wp-content\/uploads\/2024\/06\/nimikyltti.jpeg 1536w\" sizes=\"100vw\" \/>\t\t\t\t\t\t\t\t\t\t\t\t\t\t\t<\/div>\n\t\t\t\t<\/div>\n\t\t\t\t\t<\/div>\n\t\t<\/div>\n\t\t\t\t<div class=\"elementor-column elementor-col-50 elementor-top-column elementor-element elementor-element-3ce0c7c\" data-id=\"3ce0c7c\" data-element_type=\"column\" data-e-type=\"column\">\n\t\t\t<div class=\"elementor-widget-wrap elementor-element-populated\">\n\t\t\t\t\t\t<div class=\"elementor-element elementor-element-976523e elementor-widget elementor-widget-image\" data-id=\"976523e\" data-element_type=\"widget\" data-e-type=\"widget\" data-widget_type=\"image.default\">\n\t\t\t\t<div class=\"elementor-widget-container\">\n\t\t\t\t\t\t\t\t\t\t\t\t\t\t\t<img decoding=\"async\" width=\"225\" height=\"300\" src=\"https:\/\/osteosydan.fi\/wp-content\/uploads\/2024\/06\/kyltti-225x300.jpeg\" class=\"attachment-medium size-medium wp-image-880\" alt=\"\" srcset=\"https:\/\/osteosydan.fi\/wp-content\/uploads\/2024\/06\/kyltti-225x300.jpeg 225w, https:\/\/osteosydan.fi\/wp-content\/uploads\/2024\/06\/kyltti-768x1024.jpeg 768w, https:\/\/osteosydan.fi\/wp-content\/uploads\/2024\/06\/kyltti-1152x1536.jpeg 1152w, https:\/\/osteosydan.fi\/wp-content\/uploads\/2024\/06\/kyltti.jpeg 1536w\" sizes=\"100vw\" \/>\t\t\t\t\t\t\t\t\t\t\t\t\t\t\t<\/div>\n\t\t\t\t<\/div>\n\t\t\t\t\t<\/div>\n\t\t<\/div>\n\t\t\t\t\t<\/div>\n\t\t<\/section>\n\t\t\t\t<section class=\"elementor-section elementor-top-section elementor-element elementor-element-b6b09e7 elementor-section-boxed elementor-section-height-default elementor-section-height-default\" data-id=\"b6b09e7\" data-element_type=\"section\" data-e-type=\"section\">\n\t\t\t\t\t\t<div class=\"elementor-container elementor-column-gap-default\">\n\t\t\t\t\t<div class=\"elementor-column elementor-col-100 elementor-top-column elementor-element elementor-element-e7c5033\" data-id=\"e7c5033\" data-element_type=\"column\" data-e-type=\"column\">\n\t\t\t<div class=\"elementor-widget-wrap elementor-element-populated\">\n\t\t\t\t\t\t<div class=\"elementor-element elementor-element-4fd50aa elementor-tabs-view-horizontal elementor-widget elementor-widget-tabs\" data-id=\"4fd50aa\" data-element_type=\"widget\" data-e-type=\"widget\" data-widget_type=\"tabs.default\">\n\t\t\t\t<div class=\"elementor-widget-container\">\n\t\t\t\t\t\t\t<div class=\"elementor-tabs\">\n\t\t\t<div class=\"elementor-tabs-wrapper\" role=\"tablist\" >\n\t\t\t\t\t\t\t\t\t<div id=\"elementor-tab-title-8371\" class=\"elementor-tab-title elementor-tab-desktop-title\" aria-selected=\"true\" data-tab=\"1\" role=\"tab\" tabindex=\"0\" aria-controls=\"elementor-tab-content-8371\" aria-expanded=\"false\">Omavalvontasuunnitelma<\/div>\n\t\t\t\t\t\t\t\t\t<div id=\"elementor-tab-title-8372\" class=\"elementor-tab-title elementor-tab-desktop-title\" aria-selected=\"false\" data-tab=\"2\" role=\"tab\" tabindex=\"-1\" aria-controls=\"elementor-tab-content-8372\" aria-expanded=\"false\">GDPR<\/div>\n\t\t\t\t\t\t\t<\/div>\n\t\t\t<div class=\"elementor-tabs-content-wrapper\" role=\"tablist\" aria-orientation=\"vertical\">\n\t\t\t\t\t\t\t\t\t<div class=\"elementor-tab-title elementor-tab-mobile-title\" aria-selected=\"true\" data-tab=\"1\" role=\"tab\" tabindex=\"0\" aria-controls=\"elementor-tab-content-8371\" aria-expanded=\"false\">Omavalvontasuunnitelma<\/div>\n\t\t\t\t\t<div id=\"elementor-tab-content-8371\" class=\"elementor-tab-content elementor-clearfix\" data-tab=\"1\" role=\"tabpanel\" aria-labelledby=\"elementor-tab-title-8371\" tabindex=\"0\" hidden=\"false\"><p><a href=\"https:\/\/osteosydan.fi\/wp-content\/uploads\/2024\/06\/Omavalvontasuunnitelma-Osteosydan.pdf\">OV-suunnitelma 2024<\/a><\/p><\/div>\n\t\t\t\t\t\t\t\t\t<div class=\"elementor-tab-title elementor-tab-mobile-title\" aria-selected=\"false\" data-tab=\"2\" role=\"tab\" tabindex=\"-1\" aria-controls=\"elementor-tab-content-8372\" aria-expanded=\"false\">GDPR<\/div>\n\t\t\t\t\t<div id=\"elementor-tab-content-8372\" class=\"elementor-tab-content elementor-clearfix\" data-tab=\"2\" role=\"tabpanel\" aria-labelledby=\"elementor-tab-title-8372\" tabindex=\"0\" hidden=\"hidden\"><p><a href=\"https:\/\/osteosydan.fi\/wp-content\/uploads\/2024\/06\/GDPR-Osteosydan.pdf\">Tietosuojaseloste<\/a><\/p><\/div>\n\t\t\t\t\t\t\t<\/div>\n\t\t<\/div>\n\t\t\t\t\t\t<\/div>\n\t\t\t\t<\/div>\n\t\t\t\t\t<\/div>\n\t\t<\/div>\n\t\t\t\t\t<\/div>\n\t\t<\/section>\n\t\t\t\t<\/div>\n\t\t","protected":false},"excerpt":{"rendered":"<p>Voit varata ajan k\u00e4tev\u00e4sti netist\u00e4. Saat varauksestasi vahvistuksen s\u00e4hk\u00f6postiisi, joten kurkkaa tarvittaessa my\u00f6s roskapostikansioon.\u200b www.nettiaika.fi\/osteosydan Ajanvaraus onnistuu my\u00f6s puhelimitse\u00a0040-154 25 44\u00a0 Parhaiten tavoitat minut whatsapp- ja tekstiviestill\u00e4, sill\u00e4 en ty\u00f6skennelless\u00e4ni voi vastata puhelimeen. Voit varata ajan my\u00f6s s\u00e4hk\u00f6postitse:\u00a0hanne(a)osteosydan.fi Ajan siirto tai peruutus Voit itse siirt\u00e4\u00e4 tai perua aikasi 12h ennen varaustasi varausvahvistuksessa olevan linkin kautta. &hellip; <\/p>\n<p class=\"link-more\"><a href=\"https:\/\/osteosydan.fi\/?page_id=32\" class=\"more-link\">Jatka lukemista<span class=\"screen-reader-text\"> &#8221;Ajanvaraus&#8221;<\/span><\/a><\/p>\n","protected":false},"author":1,"featured_media":0,"parent":0,"menu_order":0,"comment_status":"closed","ping_status":"closed","template":"","meta":{"footnotes":""},"class_list":["post-32","page","type-page","status-publish","hentry"],"_links":{"self":[{"href":"https:\/\/osteosydan.fi\/index.php?rest_route=\/wp\/v2\/pages\/32","targetHints":{"allow":["GET"]}}],"collection":[{"href":"https:\/\/osteosydan.fi\/index.php?rest_route=\/wp\/v2\/pages"}],"about":[{"href":"https:\/\/osteosydan.fi\/index.php?rest_route=\/wp\/v2\/types\/page"}],"author":[{"embeddable":true,"href":"https:\/\/osteosydan.fi\/index.php?rest_route=\/wp\/v2\/users\/1"}],"replies":[{"embeddable":true,"href":"https:\/\/osteosydan.fi\/index.php?rest_route=%2Fwp%2Fv2%2Fcomments&post=32"}],"version-history":[{"count":108,"href":"https:\/\/osteosydan.fi\/index.php?rest_route=\/wp\/v2\/pages\/32\/revisions"}],"predecessor-version":[{"id":961,"href":"https:\/\/osteosydan.fi\/index.php?rest_route=\/wp\/v2\/pages\/32\/revisions\/961"}],"wp:attachment":[{"href":"https:\/\/osteosydan.fi\/index.php?rest_route=%2Fwp%2Fv2%2Fmedia&parent=32"}],"curies":[{"name":"wp","href":"https:\/\/api.w.org\/{rel}","templated":true}]}}