{"id":8,"date":"2020-08-06T08:17:13","date_gmt":"2020-08-06T08:17:13","guid":{"rendered":"http:\/\/osteosydan.fi\/?page_id=8"},"modified":"2025-06-03T05:59:32","modified_gmt":"2025-06-03T05:59:32","slug":"elementor-8","status":"publish","type":"page","link":"https:\/\/osteosydan.fi\/","title":{"rendered":"Tervetuloa"},"content":{"rendered":"\t\t<div data-elementor-type=\"wp-page\" data-elementor-id=\"8\" class=\"elementor elementor-8\">\n\t\t\t\t\t\t<section class=\"elementor-section elementor-top-section elementor-element elementor-element-83bfa26 elementor-section-boxed elementor-section-height-default elementor-section-height-default\" data-id=\"83bfa26\" data-element_type=\"section\" data-e-type=\"section\">\n\t\t\t\t\t\t<div class=\"elementor-container elementor-column-gap-default\">\n\t\t\t\t\t<div class=\"elementor-column elementor-col-100 elementor-top-column elementor-element elementor-element-1317fe2\" data-id=\"1317fe2\" data-element_type=\"column\" data-e-type=\"column\">\n\t\t\t<div class=\"elementor-widget-wrap elementor-element-populated\">\n\t\t\t\t\t\t<div class=\"elementor-element elementor-element-29e1e75 elementor-widget elementor-widget-text-editor\" data-id=\"29e1e75\" data-element_type=\"widget\" data-e-type=\"widget\" data-widget_type=\"text-editor.default\">\n\t\t\t\t<div class=\"elementor-widget-container\">\n\t\t\t\t\t\t\t\t\t<p>Osteosyd\u00e4n on Vihdin kirkonkyl\u00e4ll\u00e4 toimiva osteopaatin vastaanotto.<\/p><p>Vastaanotollani k\u00e4y paljon aikuisia, vauvaperheit\u00e4, kaiken ik\u00e4isi\u00e4 lapsia ja nuoria, sek\u00e4 raskaana olevia. Vahvin asiantuntijuuteni l\u00f6ytyy naisten- ja lasten terveyden parista, mutta kaikki ovat tervetulleita vastaanotolle omana itsen\u00e4\u00e4n.<\/p><p>Olen my\u00f6s imetysohjaaja, ja ominta osaamistani sill\u00e4 saralla ovat vauvan kehon kireyksiin liittyv\u00e4t haasteet.<\/p>\t\t\t\t\t\t\t\t<\/div>\n\t\t\t\t<\/div>\n\t\t\t\t\t<\/div>\n\t\t<\/div>\n\t\t\t\t\t<\/div>\n\t\t<\/section>\n\t\t\t\t<section class=\"elementor-section elementor-top-section elementor-element elementor-element-fc94d3e elementor-section-boxed elementor-section-height-default elementor-section-height-default\" data-id=\"fc94d3e\" data-element_type=\"section\" data-e-type=\"section\">\n\t\t\t\t\t\t<div class=\"elementor-container elementor-column-gap-default\">\n\t\t\t\t\t<div class=\"elementor-column elementor-col-50 elementor-top-column elementor-element elementor-element-696b121\" data-id=\"696b121\" data-element_type=\"column\" data-e-type=\"column\">\n\t\t\t<div class=\"elementor-widget-wrap elementor-element-populated\">\n\t\t\t\t\t\t<div class=\"elementor-element elementor-element-d0d7559 elementor-view-default elementor-widget elementor-widget-icon\" data-id=\"d0d7559\" data-element_type=\"widget\" data-e-type=\"widget\" data-widget_type=\"icon.default\">\n\t\t\t\t<div class=\"elementor-widget-container\">\n\t\t\t\t\t\t\t<div class=\"elementor-icon-wrapper\">\n\t\t\t<div class=\"elementor-icon\">\n\t\t\t<i aria-hidden=\"true\" class=\"fas fa-heart\"><\/i>\t\t\t<\/div>\n\t\t<\/div>\n\t\t\t\t\t\t<\/div>\n\t\t\t\t<\/div>\n\t\t\t\t\t<\/div>\n\t\t<\/div>\n\t\t\t\t<div class=\"elementor-column elementor-col-50 elementor-top-column elementor-element elementor-element-5347983\" data-id=\"5347983\" data-element_type=\"column\" data-e-type=\"column\">\n\t\t\t<div class=\"elementor-widget-wrap elementor-element-populated\">\n\t\t\t\t\t\t<div class=\"elementor-element elementor-element-a55aca8 elementor-widget__width-initial elementor-widget elementor-widget-text-editor\" data-id=\"a55aca8\" data-element_type=\"widget\" data-e-type=\"widget\" data-widget_type=\"text-editor.default\">\n\t\t\t\t<div class=\"elementor-widget-container\">\n\t\t\t\t\t\t\t\t\t<p><span style=\"color: #73492b; text-align: center; white-space-collapse: preserve;\"><b>Osteopatiasta voit saada apua esimerkiksi&#8230;<\/b><\/span><\/p><p>Kipuun ja j\u00e4ykkyyteen, turvotukseen ja puutumisoireisiin, p\u00e4\u00e4ns\u00e4rkyyn ja migreeniin, huimaukseen ja purentavaivoihin, stressiin ja ruoansulatusvaivoihin. Osteopatia sopii my\u00f6s raskausaikaan ja tukemaan synnytyksest\u00e4 palautumista.<\/p>\t\t\t\t\t\t\t\t<\/div>\n\t\t\t\t<\/div>\n\t\t\t\t\t<\/div>\n\t\t<\/div>\n\t\t\t\t\t<\/div>\n\t\t<\/section>\n\t\t\t\t<section class=\"elementor-section elementor-top-section elementor-element elementor-element-83661d7 elementor-section-boxed elementor-section-height-default elementor-section-height-default\" data-id=\"83661d7\" data-element_type=\"section\" data-e-type=\"section\">\n\t\t\t\t\t\t<div class=\"elementor-container elementor-column-gap-default\">\n\t\t\t\t\t<div class=\"elementor-column elementor-col-50 elementor-top-column elementor-element elementor-element-f28c81d\" data-id=\"f28c81d\" data-element_type=\"column\" data-e-type=\"column\">\n\t\t\t<div class=\"elementor-widget-wrap elementor-element-populated\">\n\t\t\t\t\t\t<div class=\"elementor-element elementor-element-6b6daac elementor-view-default elementor-widget elementor-widget-icon\" data-id=\"6b6daac\" data-element_type=\"widget\" data-e-type=\"widget\" data-widget_type=\"icon.default\">\n\t\t\t\t<div class=\"elementor-widget-container\">\n\t\t\t\t\t\t\t<div class=\"elementor-icon-wrapper\">\n\t\t\t<div class=\"elementor-icon\">\n\t\t\t<i aria-hidden=\"true\" class=\"fas fa-heart\"><\/i>\t\t\t<\/div>\n\t\t<\/div>\n\t\t\t\t\t\t<\/div>\n\t\t\t\t<\/div>\n\t\t\t\t\t<\/div>\n\t\t<\/div>\n\t\t\t\t<div class=\"elementor-column elementor-col-50 elementor-top-column elementor-element elementor-element-f30bb6e\" data-id=\"f30bb6e\" data-element_type=\"column\" data-e-type=\"column\">\n\t\t\t<div class=\"elementor-widget-wrap elementor-element-populated\">\n\t\t\t\t\t\t<div class=\"elementor-element elementor-element-1703aea elementor-widget elementor-widget-text-editor\" data-id=\"1703aea\" data-element_type=\"widget\" data-e-type=\"widget\" data-widget_type=\"text-editor.default\">\n\t\t\t\t<div class=\"elementor-widget-container\">\n\t\t\t\t\t\t\t\t\t<p><span style=\"color: #73492b; text-align: center; white-space-collapse: preserve;\"><b>Lapselle osteopatiasta voi olla apua esimerkiksi&#8230;<\/b><\/span><\/p><p>Itkuisuuteen ja ruoansulatusvaivoihin, sy\u00f6mishaasteisiin, toispuoleisuuteen ja j\u00e4ykkyyteen, liikkumisen hankaluuksiin, huuli- ja kielij\u00e4nneleikkausten j\u00e4lkihoitoon, oikomisen tukihoidoksi, kasvukipuihin ja muihin s\u00e4rkyihin.<\/p>\t\t\t\t\t\t\t\t<\/div>\n\t\t\t\t<\/div>\n\t\t\t\t\t<\/div>\n\t\t<\/div>\n\t\t\t\t\t<\/div>\n\t\t<\/section>\n\t\t\t\t<section class=\"elementor-section elementor-top-section elementor-element elementor-element-f96b0ad elementor-section-boxed elementor-section-height-default elementor-section-height-default\" data-id=\"f96b0ad\" data-element_type=\"section\" data-e-type=\"section\">\n\t\t\t\t\t\t<div class=\"elementor-container elementor-column-gap-default\">\n\t\t\t\t\t<div class=\"elementor-column elementor-col-100 elementor-top-column elementor-element elementor-element-0f13e2e\" data-id=\"0f13e2e\" data-element_type=\"column\" data-e-type=\"column\">\n\t\t\t<div class=\"elementor-widget-wrap elementor-element-populated\">\n\t\t\t\t\t\t<div class=\"elementor-element elementor-element-763a4ec elementor-widget elementor-widget-text-editor\" data-id=\"763a4ec\" data-element_type=\"widget\" data-e-type=\"widget\" data-widget_type=\"text-editor.default\">\n\t\t\t\t<div class=\"elementor-widget-container\">\n\t\t\t\t\t\t\t\t\t<p><span style=\"color: #73492b; text-align: center; white-space-collapse: preserve;\">Jollet ole varma osteopatian soveltuvuudesta Sinulle tai lapsellesi, laita viesti\u00e4, niin selvitet\u00e4\u00e4n asia yhdess\u00e4!<\/span><br style=\"color: #73492b; text-align: center; white-space-collapse: preserve;\" \/><span style=\"color: #73492b; text-align: center; white-space-collapse: preserve;\">hanne(a)osteosydan.fi tai 040-154 2544<\/span><\/p>\t\t\t\t\t\t\t\t<\/div>\n\t\t\t\t<\/div>\n\t\t\t\t\t<\/div>\n\t\t<\/div>\n\t\t\t\t\t<\/div>\n\t\t<\/section>\n\t\t\t\t<section class=\"elementor-section elementor-top-section elementor-element elementor-element-647f3db elementor-section-boxed elementor-section-height-default elementor-section-height-default\" data-id=\"647f3db\" data-element_type=\"section\" data-e-type=\"section\">\n\t\t\t\t\t\t<div class=\"elementor-container elementor-column-gap-default\">\n\t\t\t\t\t<div class=\"elementor-column elementor-col-100 elementor-top-column elementor-element elementor-element-21db0b9\" data-id=\"21db0b9\" data-element_type=\"column\" data-e-type=\"column\">\n\t\t\t<div class=\"elementor-widget-wrap elementor-element-populated\">\n\t\t\t\t\t\t<div class=\"elementor-element elementor-element-fe84ff2 elementor-widget elementor-widget-text-editor\" data-id=\"fe84ff2\" data-element_type=\"widget\" data-e-type=\"widget\" data-widget_type=\"text-editor.default\">\n\t\t\t\t<div class=\"elementor-widget-container\">\n\t\t\t\t\t\t\t\t\t<p>Osteosyd\u00e4n<br \/>Poutakaari 13 | 03400 Vihti<br \/>040 154 25 44<br \/>hanne(a)osteosydan.fi<br \/>y-tunnus: 3147414-5<\/p>\t\t\t\t\t\t\t\t<\/div>\n\t\t\t\t<\/div>\n\t\t\t\t<div class=\"elementor-element elementor-element-bab15b6 elementor-widget elementor-widget-button\" data-id=\"bab15b6\" data-element_type=\"widget\" data-e-type=\"widget\" data-widget_type=\"button.default\">\n\t\t\t\t<div class=\"elementor-widget-container\">\n\t\t\t\t\t\t\t\t\t<div class=\"elementor-button-wrapper\">\n\t\t\t\t\t<a class=\"elementor-button elementor-button-link elementor-size-sm\" href=\"http:\/\/www.nettiaika.fi\/osteosydan\">\n\t\t\t\t\t\t<span class=\"elementor-button-content-wrapper\">\n\t\t\t\t\t\t\t\t\t<span class=\"elementor-button-text\">Varaa aika<\/span>\n\t\t\t\t\t<\/span>\n\t\t\t\t\t<\/a>\n\t\t\t\t<\/div>\n\t\t\t\t\t\t\t\t<\/div>\n\t\t\t\t<\/div>\n\t\t\t\t<div class=\"elementor-element elementor-element-7697f39 elementor-shape-rounded elementor-grid-0 e-grid-align-center elementor-widget elementor-widget-social-icons\" data-id=\"7697f39\" data-element_type=\"widget\" data-e-type=\"widget\" data-widget_type=\"social-icons.default\">\n\t\t\t\t<div class=\"elementor-widget-container\">\n\t\t\t\t\t\t\t<div class=\"elementor-social-icons-wrapper elementor-grid\" role=\"list\">\n\t\t\t\t\t\t\t<span class=\"elementor-grid-item\" role=\"listitem\">\n\t\t\t\t\t<a class=\"elementor-icon elementor-social-icon elementor-social-icon-facebook elementor-repeater-item-6a2b5ec\" href=\"https:\/\/www.facebook.com\/osteosydan\/\" target=\"_blank\">\n\t\t\t\t\t\t<span class=\"elementor-screen-only\">Facebook<\/span>\n\t\t\t\t\t\t<i aria-hidden=\"true\" class=\"fab fa-facebook\"><\/i>\t\t\t\t\t<\/a>\n\t\t\t\t<\/span>\n\t\t\t\t\t\t\t<span class=\"elementor-grid-item\" role=\"listitem\">\n\t\t\t\t\t<a class=\"elementor-icon elementor-social-icon elementor-social-icon-instagram elementor-repeater-item-4dd4774\" href=\"https:\/\/www.instagram.com\/osteosydan\/?hl=fi\" target=\"_blank\">\n\t\t\t\t\t\t<span class=\"elementor-screen-only\">Instagram<\/span>\n\t\t\t\t\t\t<i aria-hidden=\"true\" class=\"fab fa-instagram\"><\/i>\t\t\t\t\t<\/a>\n\t\t\t\t<\/span>\n\t\t\t\t\t<\/div>\n\t\t\t\t\t\t<\/div>\n\t\t\t\t<\/div>\n\t\t\t\t\t<\/div>\n\t\t<\/div>\n\t\t\t\t\t<\/div>\n\t\t<\/section>\n\t\t\t\t<\/div>\n\t\t","protected":false},"excerpt":{"rendered":"<p>Osteosyd\u00e4n on Vihdin kirkonkyl\u00e4ll\u00e4 toimiva osteopaatin vastaanotto. Vastaanotollani k\u00e4y paljon aikuisia, vauvaperheit\u00e4, kaiken ik\u00e4isi\u00e4 lapsia ja nuoria, sek\u00e4 raskaana olevia. Vahvin asiantuntijuuteni l\u00f6ytyy naisten- ja lasten terveyden parista, mutta kaikki ovat tervetulleita vastaanotolle omana itsen\u00e4\u00e4n. Olen my\u00f6s imetysohjaaja, ja ominta osaamistani sill\u00e4 saralla ovat vauvan kehon kireyksiin liittyv\u00e4t haasteet. Osteopatiasta voit saada apua esimerkiksi&#8230; Kipuun &hellip; <\/p>\n<p class=\"link-more\"><a href=\"https:\/\/osteosydan.fi\/\" class=\"more-link\">Jatka lukemista<span class=\"screen-reader-text\"> &#8221;Tervetuloa&#8221;<\/span><\/a><\/p>\n","protected":false},"author":1,"featured_media":0,"parent":0,"menu_order":0,"comment_status":"closed","ping_status":"closed","template":"","meta":{"footnotes":""},"class_list":["post-8","page","type-page","status-publish","hentry"],"_links":{"self":[{"href":"https:\/\/osteosydan.fi\/index.php?rest_route=\/wp\/v2\/pages\/8","targetHints":{"allow":["GET"]}}],"collection":[{"href":"https:\/\/osteosydan.fi\/index.php?rest_route=\/wp\/v2\/pages"}],"about":[{"href":"https:\/\/osteosydan.fi\/index.php?rest_route=\/wp\/v2\/types\/page"}],"author":[{"embeddable":true,"href":"https:\/\/osteosydan.fi\/index.php?rest_route=\/wp\/v2\/users\/1"}],"replies":[{"embeddable":true,"href":"https:\/\/osteosydan.fi\/index.php?rest_route=%2Fwp%2Fv2%2Fcomments&post=8"}],"version-history":[{"count":166,"href":"https:\/\/osteosydan.fi\/index.php?rest_route=\/wp\/v2\/pages\/8\/revisions"}],"predecessor-version":[{"id":941,"href":"https:\/\/osteosydan.fi\/index.php?rest_route=\/wp\/v2\/pages\/8\/revisions\/941"}],"wp:attachment":[{"href":"https:\/\/osteosydan.fi\/index.php?rest_route=%2Fwp%2Fv2%2Fmedia&parent=8"}],"curies":[{"name":"wp","href":"https:\/\/api.w.org\/{rel}","templated":true}]}}